{"id":79,"date":"2019-02-19T16:12:11","date_gmt":"2019-02-19T14:12:11","guid":{"rendered":"https:\/\/booking.wasaline.com\/fi\/?page_id=79"},"modified":"2024-12-18T12:29:47","modified_gmt":"2024-12-18T10:29:47","slug":"asiakassivut","status":"publish","type":"page","link":"https:\/\/booking.wasaline.com\/fi\/asiakassivut\/","title":{"rendered":"Asiakassivut"},"content":{"rendered":"<p>Tervetuloa Wasalinen kanta-asiakassivulle! Kirjaudu sis\u00e4\u00e4n asiakasnumerolla tai s\u00e4hk\u00f6postiosoitteella ja salasanalla.<\/p>\n<\/p>\n<p>\t\t<form method=\"POST\"  class=\"cw-component cw-login cw-login-customer cw-login-customer-ajax\" action=\"https:\/\/booking.wasaline.com\/fi\/book\/ticket\/?cw_ajax=customer_login\"><div class=\"cw-component-customerlogin- cw-component-customerlogin\"><p class=\"error ui-state-error cw-form-error\" style=\"display: none;\"><\/p>\n<div class=\"row\">\n    <div class=\"column small-12 medium-8 cw-login-sample-text cw-outercol\">\n        Login sample text    <\/div>\n<\/div>\n\n<div class=\"row\">\n  <div class=\"column small-12 medium-8 cw-outercol\">\n      <span class=\"cw-label cw-username-label\">\n          <label for=\"cw-login-customer-customerCode\">Asiakasnumero tai s\u00e4hk\u00f6posti<\/label>\n      <\/span>\n      <span class=\"cw-login-input-wrapper\">\n          <input data-msg-required=\"Kirjoita asiakasnumero\/s\u00e4hk\u00f6posti\" id=\"cw-login-customer-customerCode\" class=\"cw-field required\" type=\"text\" name=\"customerCode\" placeholder=\"Asiakastunnus\" value=\"\" \/>\n      <\/span>\n  <\/div>\n<\/div>\n\n<div class=\"row\">\n  <div class=\"column small-12 medium-8 cw-outercol\">\n      <span class=\"cw-label cw-password-label\">\n          <label for=\"cw-login-customer-password\">Salasana<\/label>\n      <\/span>\n      <span class=\"cw-login-input-wrapper cw-login-customer-password-group\">\n          <input data-msg-required=\"Salasana vaaditaan\" id=\"cw-login-customer-password\" maxlength=\"20\" class=\"cw-field required cw-login-customer-password\" type=\"password\" name=\"password\" placeholder=\"Salasana\" \/>\n      <\/span>\n  <\/div>\n<\/div>\n\n<div class=\"row cw-above-button\">\n  <div class=\"column medium-4 cw-outercol\"><\/div>\n\t<div class=\"column medium-8 cw-outercol\">\n        <div class=\"clearfix\">\n            <input id=\"cw-login-customer-remember\" value=\"1\" class=\"cw-login-customer-remember\" type=\"checkbox\" name=\"rememberCustomer\" \/>\n            <label for=\"cw-login-customer-remember\">Muista minut<\/label>\n            <a href=\"#\" class=\"cw-customerlogin-showresetform-button underline\">\n                Vaihda salasana            <\/a>\n        <\/div>\n        <div class=\"cw-customerlogin-showresetform-message small\"><\/div>\n  <\/div>\n<\/div>\n\n<div class=\"row cw-button-row\">\n  <div class=\"column medium-4 cw-outercol\"><\/div>\n  <div class=\"column medium-8 cw-outercol\">\n    <button type=\"submit\" name=\"\" class=\"expand\">Kirjaudu<\/button>\n    <div class=\"cw-reset-password-under-login-container\">\n        <div class=\"cw-customerlogin-showresetform-message small\"><\/div>\n        <span class=\"cw-reset-password-under-login-button\"><a href=\"#\" class=\"cw-customerlogin-showresetform-button underline\">Vaihda salasana<\/a><\/span>\n    <\/div>\n  <\/div>\n<\/div>\n<\/div><input type=\"hidden\" id=\"cw_nonce\" name=\"cw_nonce\" value=\"ca0df79923\" \/><input type=\"hidden\" name=\"_wp_http_referer\" value=\"\/fi\/wp-json\/wp\/v2\/pages\/79\" \/><\/form><\/p>\n<p>\n\n\n","protected":false},"excerpt":{"rendered":"<p>Tervetuloa Wasalinen kanta-asiakassivulle! Kirjaudu sis\u00e4\u00e4n asiakasnumerolla tai s\u00e4hk\u00f6postiosoitteella ja salasanalla.<\/p>\n","protected":false},"author":5,"featured_media":0,"parent":0,"menu_order":0,"comment_status":"closed","ping_status":"closed","template":"","meta":{"_acf_changed":false,"footnotes":""},"tags":[],"class_list":["post-79","page","type-page","status-publish","hentry"],"acf":[],"_links":{"self":[{"href":"https:\/\/booking.wasaline.com\/fi\/wp-json\/wp\/v2\/pages\/79","targetHints":{"allow":["GET"]}}],"collection":[{"href":"https:\/\/booking.wasaline.com\/fi\/wp-json\/wp\/v2\/pages"}],"about":[{"href":"https:\/\/booking.wasaline.com\/fi\/wp-json\/wp\/v2\/types\/page"}],"author":[{"embeddable":true,"href":"https:\/\/booking.wasaline.com\/fi\/wp-json\/wp\/v2\/users\/5"}],"replies":[{"embeddable":true,"href":"https:\/\/booking.wasaline.com\/fi\/wp-json\/wp\/v2\/comments?post=79"}],"version-history":[{"count":4,"href":"https:\/\/booking.wasaline.com\/fi\/wp-json\/wp\/v2\/pages\/79\/revisions"}],"predecessor-version":[{"id":1428,"href":"https:\/\/booking.wasaline.com\/fi\/wp-json\/wp\/v2\/pages\/79\/revisions\/1428"}],"wp:attachment":[{"href":"https:\/\/booking.wasaline.com\/fi\/wp-json\/wp\/v2\/media?parent=79"}],"wp:term":[{"taxonomy":"post_tag","embeddable":true,"href":"https:\/\/booking.wasaline.com\/fi\/wp-json\/wp\/v2\/tags?post=79"}],"curies":[{"name":"wp","href":"https:\/\/api.w.org\/{rel}","templated":true}]}}